{"id":2,"date":"2013-04-14T08:03:16","date_gmt":"2013-04-14T08:03:16","guid":{"rendered":"http:\/\/www.vlcidul.cz\/?page_id=2"},"modified":"2014-03-31T10:55:19","modified_gmt":"2014-03-31T08:55:19","slug":"zkusebni-stranka","status":"publish","type":"page","link":"http:\/\/www.vlcidul.cz\/?page_id=2","title":{"rendered":"Historie"},"content":{"rendered":"<h3>Historie chatov\u00e9 osady<\/h3>\n<p style=\"text-align: justify;\">Po\u010d\u00e1tky zalo\u017een\u00ed chatov\u00e9 osady Vl\u010d\u00ed d\u016fl se\u00a0v\u00e1\u017eou na m\u00edstn\u00ed Bludovsk\u00e9 koupali\u0161t\u011b Vl\u010d\u00ed d\u016fl, jeho\u017e historie sah\u00e1 do roku 1949, kdy bylo zapo\u010dato s obnovou vysu\u0161en\u00e9ho Petrovick\u00e9ho rybn\u00edka. Tyto pr\u00e1ce byly zah\u00e1jeny spolkem ryb\u00e1\u0159\u016f. N\u00e1sledn\u011b se z tohoto rybn\u00edka vybudovalo koupali\u0161t\u011b, kter\u00e9 byloslavnostn\u011b otev\u0159eno v roce 1953. V\u00edce informac\u00ed naleznete zde.<\/p>\n<p style=\"text-align: justify;\">Po\u010d\u00e1tky zalo\u017een\u00ed chatov\u00e9 osady sahaj\u00ed do roku 1965, kdy byla zapo\u010data v\u00fdstavba prvn\u00ed chaty. Parcely ur\u010den\u00e9 k v\u00fdstavb\u011b chat byly zam\u011b\u0159eny na pozemc\u00edch jin\u00fdch vlastn\u00edk\u016f a n\u00e1sledn\u011b byly od t\u011bchto\u00a0majitel\u016f vykoupeny M\u00edstn\u00edm n\u00e1rodn\u00edm v\u00fdborem v Bludov\u011b, kter\u00fd jednotliv\u00e9 parcely pro v\u00fdstavbu chat p\u0159evedl do osobn\u00edho vlastnictv\u00ed \u017eadatel\u016fm.<\/p>\n<p style=\"text-align: justify;\">S v\u00fdstavbou dal\u0161\u00edch chat n\u00e1sledn\u011b zapo\u010dali jak m\u00edstn\u00ed Bludovan\u00e9 tak obyvatel\u00e9 tak obyvatel\u00e9 z okoln\u00edch m\u00edst. Posledn\u00ed chata\u0159 zapo\u010dal v v\u00fdstavbou v roce 1985. Celkov\u011b chatov\u00e1 osada m\u00e1 33 popisn\u00fdch \u010d\u00edsel av\u0161ak \u010d\u00edsla 1,2 a 3 se nach\u00e1z\u00ed mimo chatovou oblast. S dal\u0161\u00ed v\u00fdstavbou se ji\u017e nepo\u010d\u00edtalo.<\/p>\n<p style=\"text-align: justify;\">Se vznikem chatov\u00e9 osady Vl\u010d\u00ed d\u016fl bylo t\u0159eba p\u0159istoupit k \u00faprav\u00e1m p\u0159\u00edjezdov\u00e9 komunikace a to jak pro horn\u00ed \u010d\u00e1st chatov\u00e9 osady tak i pro doln\u00ed \u010d\u00e1st v bl\u00edzkosti koupali\u0161t\u011b. P\u0159\u00edjezdovou komunikaci v horn\u00ed \u010d\u00e1sti si vybudovali majitel\u00e9 chat sami vlastn\u00edmi silami a to od horn\u00edho konce obce od lip, do\u0161lo k roz\u0161\u00ed\u0159en\u00ed \u00favozu tak aby bylo mo\u017eno pou\u017e\u00edt opravn\u00edch prost\u0159edk\u016f k doprav\u011b stavebn\u00edho materi\u00e1lu, tak i pro osobn\u00ed dopravu. V roce 1976 byla tato p\u0159\u00edjezdov\u00e1 komunikace vyasfaltov\u00e1na\u00a0 a podobn\u011b byla vybudov\u00e1na komunikace v doln\u00ed \u010d\u00e1sti\u00a0 chatov\u00e9 osady pobl\u00ed\u017e koupali\u0161t\u011b.<\/p>\n<p style=\"text-align: justify;\">Chatov\u00e1 osada takt\u00e9\u017e nem\u011bla zaji\u0161t\u011bnou pitnou vodu a proto bylo nutn\u00e9 p\u0159istoupit k vybudov\u00e1n\u00ed studny. Toto bylo provedeno v doln\u00ed \u010d\u00e1sti chatov\u00e9 osady v roce 1970 vrtem do hloubky 13 m. D\u00e1le bylo nutn\u00e9 \u0159e\u0161it zaveden\u00ed elekt\u0159iny do chatov\u00e9 osady co\u017e se po dlouh\u00fdch jedn\u00e1n\u00ed poda\u0159ilo s podm\u00ednkou, \u017ee si ve\u0161ker\u00e9 pr\u00e1ce provedou chata\u0159i sami a i finan\u010dn\u011b uhrad\u00ed. Po zakoupen\u00ed sloup\u016f bylo s pracemi zapo\u010dato v dubnu 1970. Cel\u00e1 tato akce byla dokon\u010dena\u00a0 v roce 1975. Po napojen\u00ed chatov\u00e9 osady na elektrickou s\u00ed\u0165 byla tato podle platn\u00fdch p\u0159edpis\u016f a sm\u011brnic p\u0159ed\u00e1na bezplatn\u011b energetick\u00fdm z\u00e1vod\u016fm v Z\u00e1b\u0159ehu.<\/p>\n<p style=\"text-align: justify;\">K vyu\u017eit\u00ed voln\u00e9ho \u010dasu chata\u0159\u016f bylo vybudov\u00e1no jak v horn\u00ed, tak v doln\u00ed \u010d\u00e1sti volejbalov\u00e9 h\u0159i\u0161t\u011b. P\u0159i budov\u00e1n\u00ed sv\u00e9ho okol\u00ed se chata\u0159i pod\u00edleli na akc\u00edch Z. Velk\u00fd kus pr\u00e1ce odvedli mimojin\u00e9 p\u0159i budov\u00e1n\u00ed koupali\u0161t\u011b. V\u00a0roce 1976 se pod\u00edleli na \u00faprav\u011b prostranstv\u00ed kolem koupali\u0161t\u011b, postaven\u00ed oplocen\u00ed kolem cel\u00e9ho koupali\u0161t\u011b a tak\u00e9 spolup\u00faracovali\u00a0na mnoha jin\u00fdch akc\u00edch, o kter\u00e9 MNV Bludov po\u017e\u00e1dal.<\/p>\n<p style=\"text-align: justify;\">Chatov\u00e1 osada byla zapojena do pr\u00e1ce slo\u017eek MV NF v Bludov\u011b, kterou od po\u010d\u00e1tku zastupoval chata\u0159 pan Franti\u0161ek Ka\u0161par. V letech 1981 &#8211; 1982 chata\u0159i znovu zabezpe\u010dili nov\u00e9 oplocen\u00ed cel\u00e9ho koupali\u0161t\u011b. V roce 1983 na z\u00e1klad\u011b po\u017eadavku a zaji\u0161t\u011bn\u00ed dostatku pitn\u00e9 vody pro chatovou oblast bylo s MNV v Bludov\u011b dojedn\u00e1no napojen\u00ed chatov\u00e9 osady na studnu MNV p\u0159ed budovou na koupali\u0161ti s t\u00edm, \u017ee chata\u0159i vlastn\u00ed prac\u00ed a finan\u010dn\u00edmi prost\u0159edky vybuduj\u00ed vodovod. MNV Bludov dal k vybudov\u00e1n\u00ed vodovou a odb\u011bruze studny souhlas. Na vybudov\u00e1n\u00ed vodovodn\u00edho \u0159\u00e1du\u00a0 a postaven\u00ed v\u00fdpust\u00ed se pod\u00edlelo 19 chata\u0159\u016f. Celkov\u00e9 n\u00e1klady na vybudov\u00e1n\u00ed vodovodn\u00edho \u0159\u00e1du tehdy \u00a0\u010dinili 23.334 ,- K\u010ds.<\/p>\n<p style=\"text-align: justify;\">V roce 1984 se chata\u0159i pod\u00edleli na odstran\u011bn\u00ed \u0161kod na koupali\u0161ti zp\u016fsoben\u00e9\u00a0silnou pr\u016ftr\u017e\u00ed, kter\u00e1 se p\u0159ehnala p\u0159es obec. V roce 1985 obdr\u017eel chatov\u00fd v\u00fdbor \u010destn\u00e9 uzn\u00e1n\u00ed za ob\u011btavou pr\u00e1ci ve prosp\u011bch obce. V listopadu 1986 MNV v Bludov\u011b provedl instalaci a zapojen\u00ed nov\u00e9ho transform\u00e1toru u koupali\u0161t\u011b, kter\u00fd zabezpe\u010dili pro chata\u0159e rovnom\u011brn\u00fd p\u0159\u00edkon elektrick\u00e9ho proudu.<\/p>\n<p style=\"text-align: justify;\">Chata\u0159i si tak\u00e9 zvolili chatov\u00fd v\u00fdbor chatov\u00e9 osady ve slo\u017een\u00ed: Ji\u0159\u00ed Hroch,\u00a0Franti\u0161ek Ka\u0161par,\u00a0Franti\u0161ek Kraus,\u00a0Zden\u011bk Kyllar, Miroslav Koz\u00e1k, Zden\u011bk Klime\u0161 a V\u00e1clav Riedl. \u010cinnost\u00a0a pr\u00e1ci v chatov\u00e9 osad\u011b \u0159\u00edd\u00ed chatov\u00fd v\u00fdbor. V roce 1987 do\u0161lo k otev\u0159en\u00ed nov\u00e9ho provozu na koupali\u0161ti. P\u0159i t\u00e9to p\u0159\u00edle\u017eitosti obdr\u017eela chatov\u00e1 osada \u010destn\u00e9 uzn\u00e1n\u00ed MNV p\u0159i budov\u00e1n\u00ed obce.<\/p>\n<p style=\"text-align: justify;\">V roce 1989 bylo provedeno roz\u0161\u00ed\u0159en\u00ed vodovodn\u00edho \u0159\u00e1du v chatov\u00e9 osad\u011b na vlastn\u00ed n\u00e1klady majitel\u016f chat \u010d.23 a 24. Byla vybudov\u00e1na nov\u00e1 v\u00fdpus\u0165, byly provedeny v\u00fdkopov\u00e9 pr\u00e1ce a napojen\u00ed na st\u00e1vaj\u00edci vodovodn\u00ed \u0159\u00e1d. D\u00e1le se uskute\u010dnily brig\u00e1dy na \u00faklid ve\u0159ejn\u00e9ho prostranstv\u00ed v osad\u011b. V roce 1990 byla provedena p\u0159\u00edprava staveni\u0161t\u011b a postaven\u00ed gar\u00e1\u017ee u chaty \u010d.19.Tak\u00e9\u00a0u ostatn\u00edch chat doch\u00e1z\u00ed k jejich men\u0161\u00edm \u010di v\u011bt\u0161\u00edm \u00faprav\u00e1m.<\/p>\n<p style=\"text-align: justify;\">V letech\u00a01992\u00a0&#8211; 1993 byla\u00a0hlavn\u00ed \u010dinnost zam\u011b\u0159ena na vylep\u0161en\u00ed studny. N\u00e1sledn\u011b bylo odsouhlaseno p\u0159ipojen\u00ed jednotliv\u00fdch chat do vodovodn\u00edho \u0159\u00e1du. Toto napojen\u00ed si prov\u00e1d\u011bli chata\u0159i na vlastn\u00ed n\u00e1klady.<\/p>\n<p style=\"text-align: justify;\">V roce 1994 na \u010dlensk\u00e9 sch\u016fzi doch\u00e1z\u00ed\u00a0 k obm\u011bn\u011b chatov\u00e9ho v\u00fdboru. Z v\u00fdboru odch\u00e1zej\u00ed Franti\u0161ek Ka\u0161par, \u00a0Franti\u0161ek Kraus, Zden\u011bk Kyllar a Miroslav Koz\u00e1k. M\u00edsto nich byli zvoleni Miroslav Svoboda, Ladislav Kobza a Vladim\u00edr Koudelka.<\/p>\n<p style=\"text-align: justify;\">V roce 1995 je dokon\u010deno zapojen\u00ed v\u011bt\u0161iny chat na vodovodn\u00ed \u0159\u00e1d.\u00a0 V roce 1996 prob\u011bhly\u00a0na horn\u00edm h\u0159i\u0161ti\u00a0sportovn\u00ed hry spojen\u00e1 se sch\u016fz\u00ed CB-\u010dk\u00e1\u0159\u016f. V roce 1997 doch\u00e1z\u00ed ke zm\u011bn\u011b majitele chaty \u010d.27 a mezi chata\u0159i se objevuje prvn\u00ed zahrani\u010dn\u00ed majitel pan J\u00fcrgen Giesel. Doch\u00e1z\u00ed\u00a0k oprav\u011b horn\u00ed cesty, kter\u00e1 je financov\u00e1na chata\u0159i. Hlavn\u00edm inici\u00e1torem opravy\u00a0cesty byl pan Riedl, kter\u00fd tak\u00e9 zajistil pot\u0159ebn\u00fd materi\u00e1l na tuto opravu. V r\u00e1mci spole\u010densk\u00fdch akc\u00ed\u00a0je uspo\u0159\u00e1d\u00e1no posezen\u00ed s muzikou a se zv\u011b\u0159inov\u00fdm gul\u00e1\u0161em\u00a0 chat\u011b pana Ji\u0159\u00edho Hrocha, n\u00e1\u010deln\u00edka chatov\u00e9 osady<\/p>\n<p style=\"text-align: justify;\">V roce 1998 doch\u00e1z\u00ed k rekonstrukci horn\u00edho h\u0159i\u0161t\u011b, je vybudov\u00e1n st\u00e1nek a\u00a0postavena ud\u00edrna. Nejv\u011bt\u0161\u00ed z\u00e1sluhu na t\u00e9to rekonstrukci m\u011bl p\u0159edseda chatov\u00e9 osady Ji\u0159\u00ed Hroch. Tak\u00e9 doch\u00e1z\u00ed ke stavebn\u00edm \u00faprav\u00e1m u chat \u010d. 20 a 23. Tyto pr\u00e1ce jsou dokon\u010deny do konce roku.<\/p>\n<p style=\"text-align: justify;\">Rok 1999 je ve znamen\u00ed zm\u011bny zelen\u011b v chatov\u00e9 osad\u011b. Doch\u00e1z\u00ed k vyk\u00e1cen\u00ed star\u00fdch a po\u0161kozen\u00fdch strom\u016f na z\u00e1klad\u011b povolen\u00ed obecn\u00edho \u00fa\u0159adu s podm\u00ednkou v\u00fdsadby nov\u00e9 zelen\u011b. Tato \u00faprava byla provedena hlavn\u011b na svaz\u00edch chatov\u00e9 osady a byla provedena v\u00fdsadba nov\u00e9 zelen\u011b. Pokra\u010duj\u00ed \u00fadr\u017ebov\u00e9 pr\u00e1ce na spole\u010dn\u00fdch prostor\u00e1ch, doch\u00e1z\u00ed k vylep\u0161en\u00ed vodovodn\u00edho \u0159\u00e1du, jsou montov\u00e1ny termostaty do v\u00fdpust\u00ed.<\/p>\n<p style=\"text-align: justify;\">Od roku 2000 se\u00a0v chatov\u00e9 osad\u011b\u00a0za\u010d\u00ednaj\u00ed\u00a0pronaj\u00edmat chaty. Tento trend\u00a0u n\u011bkter\u00fdch chat p\u0159etrv\u00e1v\u00e1 a\u017e do sou\u010dasnosti. V letech 2001 a\u017e 2002 se prov\u00e1d\u00ed na chatov\u00e9 osad\u011b b\u011b\u017en\u00e9 \u00fadr\u017ebov\u00e9 pr\u00e1ce, \u00fadr\u017eba\u00a0spole\u010dn\u00e9 zelen\u011b,\u00a0\u00fadr\u017ebu horn\u00edho h\u0159i\u0161t\u011b, nat\u00edr\u00e1n\u00ed lavi\u010dek a stol\u016f a sek\u00e1n\u00ed\u00a0 tr\u00e1vy.<\/p>\n<p style=\"text-align: justify;\">V pr\u016fb\u011bhu roku 2003 doch\u00e1z\u00ed k dal\u0161\u00ed zm\u011bn\u011b, tentokr\u00e1t u chaty\u00a0\u010d.25. Nov\u00fdm majitelem se\u00a0st\u00e1v\u00e1\u00a0pan Sttemler, dal\u0161\u00ed zahrani\u010dn\u00ed vlastn\u00edk. M\u011bn\u00ed se zp\u016fsob plateb za vodu &#8211; m\u00edsto pau\u0161\u00e1lu podle skute\u010dn\u00e9ho odb\u011bru.<\/p>\n<p style=\"text-align: justify;\">V roce 2004 prob\u011bhlo\u00a0vylep\u0161en\u00ed osv\u011btlen\u00ed h\u0159i\u0161t\u011b a byla provedena rekonstrukce elektrick\u00e9 s\u00edt\u011b a ve\u0159ejn\u00e9ho osv\u011btlen\u00ed chatov\u00e9 osady. N\u00e1klady na rekonstrukci elektrick\u00e9 s\u00edt\u011b hradil\u00a0obecn\u00ed \u00fa\u0159ad. V tomto sm\u011bru je pot\u0159eba\u00a0mimojin\u00e9 ocenit p\u0159\u00edstup obecn\u00edho \u00fa\u0159adu, zvl\u00e1\u0161t\u011b pak tehdej\u0161\u00edho starosty ing. Stona\u00a0 p\u0159i\u00a0 spolupr\u00e1ci s chatovou osadou.<\/p>\n<p style=\"text-align: justify;\">V roce 2005 prob\u00edhaj\u00ed oslavy ke 40 v\u00fdro\u010d\u00ed zalo\u017een\u00ed chatov\u00e9 osady. Ve spolupr\u00e1ci s mysliveck\u00fdm sdru\u017een\u00ed Hubert a KD Bludov byla uspo\u0159\u00e1d\u00e1na oslava s bohatou tombolou, vystoupen\u00edm kouzeln\u00edka Jansy, hudebn\u00ed skupiny a prohl\u00eddkou chatov\u00e9 osady. Tato akce byla voln\u011b p\u0159\u00edstupn\u00e1 a z\u00fa\u010dastnilo se j\u00ed i mnoho lid\u00ed i z Bludova a bl\u00edzk\u00e9ho okol\u00ed. Pokra\u010duj\u00ed pravideln\u00e9 \u00fadr\u017ebov\u00e9 pr\u00e1ce na spole\u010dn\u00fdch prostor\u00e1ch.<\/p>\n<p style=\"text-align: justify;\">Na v\u00fdborov\u00e9 sch\u016fzi konan\u00e9 v roce 2006 bylo dohodnuto n\u011bkolik dal\u0161\u00edch bod\u016f na zlep\u0161en\u00ed p\u0159\u00edstupov\u00e9 cesty od myslivny kolem chaty \u010d.33.\u00a0Za pomoci obecn\u00edho \u00fa\u0159adu, kter\u00fd dodal materi\u00e1l,\u00a0chata\u0159i (jmenovit\u011b pan Hroch a pan Giesel) zajistili kamen\u00edka, vybudovali schody a upravili cestu. T\u00edm se zlep\u0161ila celkov\u00e1 p\u0159\u00edstupnost do chatov\u00e9 osady a to zvl\u00e1\u0161t\u011b, kdy\u017e bylo po de\u0161ti.<\/p>\n<p style=\"text-align: justify;\">V roce 2007\u00a0\u00a0bylo nejv\u011bt\u0161\u00ed ud\u00e1lost\u00ed budov\u00e1n\u00ed kanalizace v chatov\u00e9 osad\u011b. V obci Bludov byla provedena v\u00fdstavba nov\u00e9\u00a0kanalizace a chatov\u00e1 osada byla za\u010dlen\u011bna do pl\u00e1n\u016f na zaveden\u00ed kanalizace. Tato skute\u010dnost kon\u010dn\u011b zm\u011bnila jednu nep\u0159\u00edjemnou \u010dinnost chata\u0159\u016f, a to\u00a0zaji\u0161\u0165ov\u00e1n\u00ed fek\u00e1ln\u00edch voz\u016f na v\u00fdvoz j\u00edmek. Po dokon\u010den\u00ed v\u00fdstavby\u00a0kanalizace doch\u00e1z\u00ed k \u00faprav\u00e1m zelen\u011b u chat, kter\u00e9 byly po\u0161kozeny v\u00fdkopy pro\u00a0kanalizaci.<\/p>\n<p style=\"text-align: justify;\">Na podzim roku 2007 bohu\u017eel\u00a0doch\u00e1z\u00ed ke smutn\u00e9 ud\u00e1losti, kdy po t\u011b\u017ek\u00e9 nemoci zem\u0159el pan Ji\u0159\u00ed Hroch, n\u00e1\u010deln\u00edk a zakl\u00e1daj\u00edc\u00ed \u010dlen chatov\u00e9 osady. V n\u00e1vaznosti na tuto ud\u00e1lost roce 2008 doch\u00e1z\u00ed\u00a0na \u010dlensk\u00e9 sch\u016fzi k volb\u011b nov\u00e9ho chatov\u00e9ho v\u00fdboru s volbou n\u00e1\u010deln\u00edka. Na \u010dlensk\u00e9 schuzi byl zvolen\u00a0 nov\u00fd v\u00fdbor ve slo\u017een\u00ed Vladim\u00edr Koudelka, Ladislav Verner, V\u00e1clav \u0160imek,\u00a0V\u00e1clav Riedl a Ladislav Kobza. Na v\u00fdborov\u00e9 sch\u016fzi byl nov\u00fdm\u00a0n\u00e1\u010deln\u00edkem zvolen Vladim\u00edr Koudelka. Tak\u00e9 v tomto roce do\u0161lo ke zm\u011bn\u011b majitele chata\u00a0\u010d.12.<\/p>\n<p style=\"text-align: justify;\">V roce\u00a0letech 2009 &#8211; 2010 do\u0161lo k rekonstrukci\u00a0vodovodn\u00edho \u0159\u00e1du &#8211; tlakov\u00e9 n\u00e1doby a \u010d\u00e1sti \u010derpadla ve studni. Vzhledem k \u00faspor\u00e1m na no\u010dn\u00edm osv\u011btlen\u00ed doch\u00e1z\u00ed ke\u00a0 sn\u00ed\u017een\u00ed po\u010dtu sv\u011btel pro osv\u011btlen\u00ed. Byla u\u010din\u011bna smlouva s obc\u00ed, kter\u00e1 sv\u011btla si budou platit chata\u0159i sami, a kter\u00e9 budou odpojen\u00e1. Tato \u00fasporn\u00e1 opat\u0159en\u00ed se dotkla i osv\u011btlen\u00ed\u00a0na horn\u00edm h\u0159i\u0161ti &#8211; odpojen\u00ed sv\u011btel. Z\u00e1jem o zachov\u00e1n\u00ed sv\u011btel byl u chat \u010d.19, 23, 24 a 27 &#8211; tyto sv\u011btla z\u016fstala zapojen\u00e1 se smlouvou na placen\u00ed elektrick\u00e9 energie chata\u0159i.\u00a0 T\u00edm bylo zachov\u00e1no dostate\u010dn\u00e9 osv\u011btlen\u00ed chatov\u00e9 osady.<\/p>\n<p style=\"text-align: justify;\">V roce 2011 na \u010dlensk\u00e9 sch\u016fzi bylo konstatov\u00e1no, \u017ee spodn\u00ed \u010d\u00e1st chata\u0159\u016f (chaty \u010d.28 &#8211; 31 a 33)\u00a0p\u0159est\u00e1vaj\u00ed platit \u010dlensk\u00fd p\u0159\u00edsp\u011bvek a proto bylo rozhodnuto tyto chaty vy\u010dlenit z chatov\u00e9 osady z d\u016fvodu jejich nez\u00e1jmu o d\u011bn\u00ed v chatov\u00e9 osad\u011b. Tak\u00e9 bylo provedeno zna\u010den\u00ed dopravn\u00ed zna\u010dkou z\u00e1kazu st\u00e1n\u00ed na to\u010dce z d\u016fvodu nerespektov\u00e1n\u00ed dohod o parkov\u00e1n\u00edm na vlastn\u00edm pozemku.<\/p>\n<p style=\"text-align: justify;\">V roce 2012 doch\u00e1z\u00ed k prodeji pozemku nad chatou \u010d.25. Nov\u00fdm majitelem se st\u00e1v\u00e1 pan \u0158eh\u00e1k, kter\u00fd m\u00e1 z\u00e1jem o postaven\u00ed zahradn\u00edho domku.<\/p>\n<p><a title=\"Kronika\" href=\"http:\/\/www.vlcidul.cz\/?page_id=89\">Zde<\/a> si m\u016f\u017eete prohl\u00e9dnou dokumenta\u010dn\u00ed <a title=\"Kronika\" href=\"http:\/\/www.vlcidul.cz\/?page_id=89\">album kroniky chatov\u00e9 osady<\/a><\/p>\n<p>P\u00e1r dobov\u00fdch fotografi\u00ed z budov\u00e1n\u00ed chatov\u00e9 osady<\/p>\nngg_shortcode_0_placeholder\n<p>&nbsp;<\/p>\n<p>&nbsp;<\/p>\n","protected":false},"excerpt":{"rendered":"<p>Historie chatov\u00e9 osady Po\u010d\u00e1tky zalo\u017een\u00ed chatov\u00e9 osady Vl\u010d\u00ed d\u016fl se\u00a0v\u00e1\u017eou na m\u00edstn\u00ed Bludovsk\u00e9 koupali\u0161t\u011b Vl\u010d\u00ed d\u016fl, jeho\u017e historie sah\u00e1 do roku 1949, kdy bylo zapo\u010dato s obnovou vysu\u0161en\u00e9ho Petrovick\u00e9ho rybn\u00edka. Tyto pr\u00e1ce byly zah\u00e1jeny spolkem ryb\u00e1\u0159\u016f. N\u00e1sledn\u011b se z tohoto rybn\u00edka vybudovalo koupali\u0161t\u011b, kter\u00e9 byloslavnostn\u011b otev\u0159eno v roce 1953. V\u00edce informac\u00ed naleznete zde. Po\u010d\u00e1tky zalo\u017een\u00ed [&hellip;]<\/p>\n","protected":false},"author":1,"featured_media":0,"parent":0,"menu_order":0,"comment_status":"closed","ping_status":"closed","template":"","meta":{"ngg_post_thumbnail":0,"footnotes":""},"class_list":["post-2","page","type-page","status-publish","hentry"],"_links":{"self":[{"href":"http:\/\/www.vlcidul.cz\/index.php?rest_route=\/wp\/v2\/pages\/2","targetHints":{"allow":["GET"]}}],"collection":[{"href":"http:\/\/www.vlcidul.cz\/index.php?rest_route=\/wp\/v2\/pages"}],"about":[{"href":"http:\/\/www.vlcidul.cz\/index.php?rest_route=\/wp\/v2\/types\/page"}],"author":[{"embeddable":true,"href":"http:\/\/www.vlcidul.cz\/index.php?rest_route=\/wp\/v2\/users\/1"}],"replies":[{"embeddable":true,"href":"http:\/\/www.vlcidul.cz\/index.php?rest_route=%2Fwp%2Fv2%2Fcomments&post=2"}],"version-history":[{"count":14,"href":"http:\/\/www.vlcidul.cz\/index.php?rest_route=\/wp\/v2\/pages\/2\/revisions"}],"predecessor-version":[{"id":8,"href":"http:\/\/www.vlcidul.cz\/index.php?rest_route=\/wp\/v2\/pages\/2\/revisions\/8"}],"wp:attachment":[{"href":"http:\/\/www.vlcidul.cz\/index.php?rest_route=%2Fwp%2Fv2%2Fmedia&parent=2"}],"curies":[{"name":"wp","href":"https:\/\/api.w.org\/{rel}","templated":true}]}}